{"id":28,"date":"2017-03-02T14:41:24","date_gmt":"2017-03-02T14:41:24","guid":{"rendered":"http:\/\/imagecoaching.de\/?page_id=28"},"modified":"2022-08-20T15:28:21","modified_gmt":"2022-08-20T15:28:21","slug":"interkulturalitaet","status":"publish","type":"page","link":"https:\/\/imagecoaching.de\/?page_id=28","title":{"rendered":"Supervision"},"content":{"rendered":"<h2>Supervision kl\u00e4rt<\/h2>\n<p style=\"font-weight: 400;\">Mit Supervision Wege und L\u00f6sungen gestalten in Berlin und Brandenburg.<\/p>\n<p style=\"font-weight: 400;\">Im beruflichen und privaten Mit- und Gegeneinander haben Menschen immer gute Gr\u00fcnde f\u00fcr das, was sie tun oder lassen.<\/p>\n<p style=\"font-weight: 400;\">Wie k\u00f6nnen Sie f\u00fcr sich und mit Anderen Ziele umsetzen, Aufgaben bearbeiten, sich wohl f\u00fchlen?<\/p>\n<p style=\"font-weight: 400;\">Selbst- und Team-Reflektion, andere Perspektiven kennenlernen, professionelle Qualit\u00e4t sichern und weiterentwickeln.<\/p>\n<p style=\"font-weight: 400;\">Nehmen Sie Kontakt auf f\u00fcr einen Austausch zu Ihren Anliegen und Themen. sie erfahren alles Wichtige zu Rahmenbedingungen, Inhalten, Methoden und Kosten.<\/p>\n","protected":false},"excerpt":{"rendered":"<p>Supervision kl\u00e4rt Mit Supervision Wege und L\u00f6sungen gestalten in Berlin und Brandenburg. Im beruflichen und privaten Mit- und Gegeneinander haben Menschen immer gute Gr\u00fcnde f\u00fcr das, was sie tun oder lassen. Wie k\u00f6nnen Sie f\u00fcr sich und mit Anderen Ziele umsetzen, Aufgaben bearbeiten, sich wohl f\u00fchlen? Selbst- und Team-Reflektion, andere Perspektiven kennenlernen, professionelle Qualit\u00e4t sichern &hellip; <a href=\"https:\/\/imagecoaching.de\/?page_id=28\" class=\"more-link\"><span class=\"screen-reader-text\">\u201eSupervision\u201c <\/span>weiterlesen<\/a><\/p>\n","protected":false},"author":1,"featured_media":0,"parent":0,"menu_order":5,"comment_status":"closed","ping_status":"closed","template":"","meta":{"footnotes":""},"_links":{"self":[{"href":"https:\/\/imagecoaching.de\/index.php?rest_route=\/wp\/v2\/pages\/28"}],"collection":[{"href":"https:\/\/imagecoaching.de\/index.php?rest_route=\/wp\/v2\/pages"}],"about":[{"href":"https:\/\/imagecoaching.de\/index.php?rest_route=\/wp\/v2\/types\/page"}],"author":[{"embeddable":true,"href":"https:\/\/imagecoaching.de\/index.php?rest_route=\/wp\/v2\/users\/1"}],"replies":[{"embeddable":true,"href":"https:\/\/imagecoaching.de\/index.php?rest_route=%2Fwp%2Fv2%2Fcomments&post=28"}],"version-history":[{"count":6,"href":"https:\/\/imagecoaching.de\/index.php?rest_route=\/wp\/v2\/pages\/28\/revisions"}],"predecessor-version":[{"id":116,"href":"https:\/\/imagecoaching.de\/index.php?rest_route=\/wp\/v2\/pages\/28\/revisions\/116"}],"wp:attachment":[{"href":"https:\/\/imagecoaching.de\/index.php?rest_route=%2Fwp%2Fv2%2Fmedia&parent=28"}],"curies":[{"name":"wp","href":"https:\/\/api.w.org\/{rel}","templated":true}]}}