{"id":34,"date":"2017-03-02T14:42:19","date_gmt":"2017-03-02T14:42:19","guid":{"rendered":"http:\/\/imagecoaching.de\/?page_id=34"},"modified":"2018-06-21T10:00:46","modified_gmt":"2018-06-21T10:00:46","slug":"kontakt","status":"publish","type":"page","link":"https:\/\/imagecoaching.de\/?page_id=34","title":{"rendered":"Datenschutzerkl\u00e4rung"},"content":{"rendered":"<h2>Datenschutzerkl\u00e4rung<\/h2>\n<p><strong>Verantwortliche Stelle im Sinne der Datenschutzgesetze ist:<\/strong><\/p>\n<p>Anne Kr\u00e4uchi<br \/>\nImagecoaching<br \/>\nLevetzowstr. 21a<br \/>\n10555 Berlin<\/p>\n<h3>Erfassung allgemeiner Informationen<\/h3>\n<p>Wenn Sie auf unsere Webseite zugreifen, werden vom Provider automatisch Informationen allgemeiner Natur erfasst. Diese Informationen (Server-Logfiles) beinhalten etwa die Art des Webbrowsers, das verwendete Betriebssystem, den Domainnamen Ihres Internet Service Providers und \u00c4hnliches. Hierbei handelt es sich ausschlie\u00dflich um Informationen, welche keine R\u00fcckschl\u00fcsse auf Ihre Person zulassen. Diese Informationen sind technisch notwendig, um von Ihnen angeforderte Inhalte von Webseiten korrekt auszuliefern und fallen bei Nutzung des Internets zwingend an. Anonyme Informationen dieser Art werden von uns statistisch ausgewertet, um unseren Internetauftritt und die dahinterstehende Technik zu optimieren.<\/p>\n<h3>Kontaktaufnahme<\/h3>\n<p>Treten Sie per E-Mail mit uns in Kontakt, werden die von Ihnen gemachten Angaben zum Zwecke der Bearbeitung der Anfrage sowie f\u00fcr m\u00f6gliche Anschlussfragen gespeichert. Wenn daraus ein Gesch\u00e4ftsverh\u00e4ltnis entsteht, speichern wir diese personenbezogenen Daten l\u00e4ngerfristig.<\/p>\n<h3>L\u00f6schung bzw. Sperrung der Daten<\/h3>\n<p>Wir halten uns an die Grunds\u00e4tze der Datenvermeidung und Datensparsamkeit. Wir speichern Ihre personenbezogenen Daten daher nur so lange, wie dies zur Erreichung der hier genannten Zwecke erforderlich ist oder wie es die vom Gesetzgeber vorgesehenen vielf\u00e4ltigen Speicherfristen vorsehen. Nach Fortfall des jeweiligen Zweckes bzw. Ablauf dieser Fristen werden die entsprechenden Daten routinem\u00e4\u00dfig und entsprechend den gesetzlichen Vorschriften gesperrt oder gel\u00f6scht.<\/p>\n<h3>Ihre Rechte auf Auskunft, Berichtigung, Sperre, L\u00f6schung und Widerspruch<\/h3>\n<p>Sie haben das Recht, jederzeit Auskunft \u00fcber Ihre bei uns gespeicherten personenbezogenen Daten zu erhalten. Ebenso haben Sie das Recht auf Berichtigung, Sperrung oder, abgesehen von der vorgeschriebenen Datenspeicherung zur Gesch\u00e4ftsabwicklung, L\u00f6schung Ihrer personenbezogenen Daten. Bitte wenden Sie sich dazu an unseren Datenschutzbeauftragten. Die Kontaktdaten finden Sie ganz unten.<br \/>\nSie k\u00f6nnen auch die L\u00f6schung der Daten verlangen, soweit keine gesetzliche Archivierungsverpflichtung besteht. Soweit eine solche Verpflichtung besteht, sperren wir Ihre Daten auf Wunsch. Sie k\u00f6nnen \u00c4nderungen oder den Widerruf einer Einwilligung durch entsprechende Mitteilung an uns mit Wirkung f\u00fcr die Zukunft vornehmen.<\/p>\n<h3>\u00c4nderung unserer Datenschutzbestimmungen<\/h3>\n<p>Wir behalten uns vor, diese Datenschutzerkl\u00e4rung gelegentlich anzupassen, damit sie stets den aktuellen rechtlichen Anforderungen entspricht oder um \u00c4nderungen unserer Leistungen in der Datenschutzerkl\u00e4rung umzusetzen, z. B. bei der Einf\u00fchrung neuer Services. F\u00fcr Ihren erneuten Besuch gilt dann die neue Datenschutzerkl\u00e4rung.<\/p>\n<h3>Fragen zum Datenschutz<\/h3>\n<p>Wenn Sie Fragen zum Thema Datenschutz haben, schreiben Sie uns bitte eine E-Mail oder wenden Sie sich direkt an uns:<\/p>\n<p>Anne Kr\u00e4uchi<br \/>\nTel. 030 \/ 3640 9090<br \/>\nak@imagecoaching.de<\/p>\n<p>Die Basis f\u00fcr diese Datenschutzerkl\u00e4rung wurde mit dem Datenschutzerkl\u00e4rungs-Generator der activeMind AG erstellt.<\/p>\n","protected":false},"excerpt":{"rendered":"<p>Datenschutzerkl\u00e4rung Verantwortliche Stelle im Sinne der Datenschutzgesetze ist: Anne Kr\u00e4uchi Imagecoaching Levetzowstr. 21a 10555 Berlin Erfassung allgemeiner Informationen Wenn Sie auf unsere Webseite zugreifen, werden vom Provider automatisch Informationen allgemeiner Natur erfasst. Diese Informationen (Server-Logfiles) beinhalten etwa die Art des Webbrowsers, das verwendete Betriebssystem, den Domainnamen Ihres Internet Service Providers und \u00c4hnliches. Hierbei handelt es &hellip; <a href=\"https:\/\/imagecoaching.de\/?page_id=34\" class=\"more-link\"><span class=\"screen-reader-text\">\u201eDatenschutzerkl\u00e4rung\u201c <\/span>weiterlesen<\/a><\/p>\n","protected":false},"author":1,"featured_media":0,"parent":0,"menu_order":9,"comment_status":"closed","ping_status":"closed","template":"","meta":{"footnotes":""},"_links":{"self":[{"href":"https:\/\/imagecoaching.de\/index.php?rest_route=\/wp\/v2\/pages\/34"}],"collection":[{"href":"https:\/\/imagecoaching.de\/index.php?rest_route=\/wp\/v2\/pages"}],"about":[{"href":"https:\/\/imagecoaching.de\/index.php?rest_route=\/wp\/v2\/types\/page"}],"author":[{"embeddable":true,"href":"https:\/\/imagecoaching.de\/index.php?rest_route=\/wp\/v2\/users\/1"}],"replies":[{"embeddable":true,"href":"https:\/\/imagecoaching.de\/index.php?rest_route=%2Fwp%2Fv2%2Fcomments&post=34"}],"version-history":[{"count":8,"href":"https:\/\/imagecoaching.de\/index.php?rest_route=\/wp\/v2\/pages\/34\/revisions"}],"predecessor-version":[{"id":109,"href":"https:\/\/imagecoaching.de\/index.php?rest_route=\/wp\/v2\/pages\/34\/revisions\/109"}],"wp:attachment":[{"href":"https:\/\/imagecoaching.de\/index.php?rest_route=%2Fwp%2Fv2%2Fmedia&parent=34"}],"curies":[{"name":"wp","href":"https:\/\/api.w.org\/{rel}","templated":true}]}}